{"id":437,"date":"2021-05-19T08:44:15","date_gmt":"2021-05-19T11:44:15","guid":{"rendered":"http:\/\/1321dd813b.nxcli.io.php72-4.phx1-1.websitetestlink.com\/?post_type=product&#038;p=437"},"modified":"2026-04-04T09:38:56","modified_gmt":"2026-04-04T12:38:56","slug":"trekking-doradillo-en-4x4","status":"publish","type":"product","link":"https:\/\/flamencotour.com\/pt\/produto\/trekking-doradillo-en-4x4\/","title":{"rendered":"Doradilho em 4\u00d74"},"content":{"rendered":"<p>A \u00c1rea Protegida El Doradillo \u00e9 visitada todas as esta\u00e7\u00f5es por grupos de m\u00e3es baleias com filhotes, devido \u00e0 calma de suas \u00e1guas e \u00e0 profundidade incomum da costa (devido ao seu alto declive), que faz com que as baleias cheguem muito perto da costa . praia. Este \u00faltimo permite a observa\u00e7\u00e3o costeira, com grande probabilidade de observar estes maravilhosos mam\u00edferos a apenas 20 ou 30 metros da costa.<br \/>\nA observa\u00e7\u00e3o costeira \u00e9 um complemento ideal para quem observou baleias a bordo, bem como uma op\u00e7\u00e3o para quem n\u00e3o consegue realizar a observa\u00e7\u00e3o de baleias de barco.<br \/>\nAtrav\u00e9s dos nossos ve\u00edculos 4 x 4 poderemos entrar e percorrer diversos terrenos para contemplar e desfrutar da geografia, fauna e flora desta zona, entrando em diferentes praias.<\/p>\n<p><strong>Itiner\u00e1rio<\/strong><br \/>\n-Nosso caminh\u00e3o 4\u00d74 ir\u00e1 buscar os aventureiros em suas respectivas acomoda\u00e7\u00f5es e assim iniciaremos esta excurs\u00e3o.<br \/>\n-Come\u00e7aremos o passeio atravessando a zona norte e industrial de Puerto Madryn, um pequeno city tour, percorrendo apenas 15 km em dire\u00e7\u00e3o \u00e0 entrada da \u00c1rea Natural Protegida El Doradillo e parando no mirante de Punta Flecha, parando na \u00e1rea de Mountainbike , ponto panor\u00e2mico &quot; \u201cPunta Ameghino\u201d.<br \/>\n-Entraremos na costa para fazer um percurso 4\u00d74 de dificuldade m\u00e9dia, onde a interpreta\u00e7\u00e3o \u00e9 seguida de per\u00edodos de grande adrenalina.<br \/>\n-Ent\u00e3o chegamos \u00e0 praia de Las Canteras, um lugar \u00fanico no mundo para observar baleias t\u00e3o de perto.<br \/>\n-A\u00ed mesmo, tiraremos um tempo para fazer uma pequena caminhada e viver uma experi\u00eancia \u00fanica e especial, podendo observar essas lindas m\u00e3es e seus beb\u00eas, t\u00e3o perto do litoral.<br \/>\n-Finalmente, ap\u00f3s saborear o lanche, retornaremos ao alojamento.<\/p>\n<p><strong><em>\u00a0 \u00a0 \u00a0 \u00a0 \u00a0 \u00a0 \u00a0 \u00a0 \u00a0 \u00a0 \u00a0 \u00a0 \u00a0 \u00a0 \u00a0 \u00a0 \u00a0 \u00a0Os hor\u00e1rios e a ordem dos locais a visitar podem variar, dependendo da \u00e9poca, do clima e dos interesses do grupo.<\/em><\/strong><\/p>\n<p><strong>Temporada<\/strong>: o ano todo<br \/>\n<strong>Partidas<\/strong>: di\u00e1rio<br \/>\n<strong>Dura\u00e7\u00e3o<\/strong>: aproximadamente 3 horas<br \/>\n<strong>Hor\u00e1rios de partida<\/strong>: de acordo com a t\u00e1bua de mar\u00e9s. O hor\u00e1rio das mar\u00e9s varia de dia para dia<br \/>\n<strong>N\u00famero m\u00ednimo de passageiros<\/strong>: 2 pessoas<br \/>\n<strong>SUJEITO \u00c0S CONDI\u00c7\u00d5ES METEOROL\u00d3GICAS<\/strong><\/p>\n<p><strong>Inclui<br \/>\n<\/strong>\u2022Guias: Espanhol\/Ingl\u00eas (Consultar para outros idiomas)<strong><br \/>\n<\/strong>\u2022Pick Up \u2013 Os passageiros s\u00e3o revistados no local onde est\u00e3o hospedados em ve\u00edculos especiais todo-o-terreno<strong><br \/>\n<\/strong>\u2022 Refresco<\/p>\n<p><strong>Observa\u00e7\u00f5es<\/strong><br \/>\n<strong>\u2022N\u00c3O V\u00c1LIDO PARA NAVIOS DE CRUZEIRO. Consulte excurs\u00f5es correspondentes<\/strong><\/p>\n<p><strong>Equipamento sugerido<br \/>\n<\/strong>\u2022Cal\u00e7ado confort\u00e1vel, agasalhos, equipamento fotogr\u00e1fico, protetor solar e chap\u00e9u.<\/p>","protected":false},"excerpt":{"rendered":"<p style=\"text-align: center\"><strong>Conhe\u00e7a esta fant\u00e1stica experi\u00eancia 4\u00d74<br \/>\nEsta excurs\u00e3o opera de junho a meados de outubro<\/strong><\/p>","protected":false},"featured_media":6943,"template":"","meta":[],"product_brand":[],"product_cat":[75],"product_tag":[],"class_list":{"0":"post-437","1":"product","2":"type-product","3":"status-publish","4":"has-post-thumbnail","6":"product_cat-aventura","8":"first","9":"instock","10":"virtual","11":"sold-individually","12":"taxable","13":"purchasable","14":"product-type-booking"},"yoast_head":"<!-- This site is optimized with the Yoast SEO plugin v27.6 - https:\/\/yoast.com\/product\/yoast-seo-wordpress\/ -->\n<title>Doradillo en 4\u00d74 - Flamenco Tour<\/title>\n<meta name=\"robots\" content=\"index, follow, max-snippet:-1, max-image-preview:large, max-video-preview:-1\" \/>\n<link rel=\"canonical\" href=\"https:\/\/flamencotour.com\/pt\/produto\/trekking-doradillo-en-4x4\/\" \/>\n<meta property=\"og:locale\" content=\"pt_BR\" \/>\n<meta property=\"og:type\" content=\"article\" \/>\n<meta property=\"og:title\" content=\"Doradillo en 4\u00d74 - Flamenco Tour\" \/>\n<meta property=\"og:description\" content=\"Conoce esta fant\u00e1stica experiencia en 4x4 Esta excursi\u00f3n opera desde Junio hasta mediados de Octubre\" \/>\n<meta property=\"og:url\" content=\"https:\/\/flamencotour.com\/pt\/produto\/trekking-doradillo-en-4x4\/\" \/>\n<meta property=\"og:site_name\" content=\"Flamenco Tour\" \/>\n<meta property=\"article:modified_time\" content=\"2026-04-04T12:38:56+00:00\" \/>\n<meta property=\"og:image\" content=\"https:\/\/flamencotour.com\/wp-content\/uploads\/2021\/05\/doradillo-4x4-1.jpg\" \/>\n\t<meta property=\"og:image:width\" content=\"1080\" \/>\n\t<meta property=\"og:image:height\" content=\"1080\" \/>\n\t<meta property=\"og:image:type\" content=\"image\/jpeg\" \/>\n<meta name=\"twitter:card\" content=\"summary_large_image\" \/>\n<meta name=\"twitter:label1\" content=\"Est. tempo de leitura\" \/>\n\t<meta name=\"twitter:data1\" content=\"2 minutos\" \/>\n<script type=\"application\/ld+json\" class=\"yoast-schema-graph\">{\"@context\":\"https:\\\/\\\/schema.org\",\"@graph\":[{\"@type\":\"WebPage\",\"@id\":\"https:\\\/\\\/flamencotour.com\\\/producto\\\/trekking-doradillo-en-4x4\\\/\",\"url\":\"https:\\\/\\\/flamencotour.com\\\/producto\\\/trekking-doradillo-en-4x4\\\/\",\"name\":\"Doradillo en 4\u00d74 - Flamenco Tour\",\"isPartOf\":{\"@id\":\"https:\\\/\\\/flamencotour.com\\\/en\\\/#website\"},\"primaryImageOfPage\":{\"@id\":\"https:\\\/\\\/flamencotour.com\\\/producto\\\/trekking-doradillo-en-4x4\\\/#primaryimage\"},\"image\":{\"@id\":\"https:\\\/\\\/flamencotour.com\\\/producto\\\/trekking-doradillo-en-4x4\\\/#primaryimage\"},\"thumbnailUrl\":\"https:\\\/\\\/flamencotour.com\\\/wp-content\\\/uploads\\\/2021\\\/05\\\/doradillo-4x4-1.jpg\",\"datePublished\":\"2021-05-19T11:44:15+00:00\",\"dateModified\":\"2026-04-04T12:38:56+00:00\",\"breadcrumb\":{\"@id\":\"https:\\\/\\\/flamencotour.com\\\/producto\\\/trekking-doradillo-en-4x4\\\/#breadcrumb\"},\"inLanguage\":\"pt-BR\",\"potentialAction\":[{\"@type\":\"ReadAction\",\"target\":[\"https:\\\/\\\/flamencotour.com\\\/producto\\\/trekking-doradillo-en-4x4\\\/\"]}]},{\"@type\":\"ImageObject\",\"inLanguage\":\"pt-BR\",\"@id\":\"https:\\\/\\\/flamencotour.com\\\/producto\\\/trekking-doradillo-en-4x4\\\/#primaryimage\",\"url\":\"https:\\\/\\\/flamencotour.com\\\/wp-content\\\/uploads\\\/2021\\\/05\\\/doradillo-4x4-1.jpg\",\"contentUrl\":\"https:\\\/\\\/flamencotour.com\\\/wp-content\\\/uploads\\\/2021\\\/05\\\/doradillo-4x4-1.jpg\",\"width\":1080,\"height\":1080},{\"@type\":\"BreadcrumbList\",\"@id\":\"https:\\\/\\\/flamencotour.com\\\/producto\\\/trekking-doradillo-en-4x4\\\/#breadcrumb\",\"itemListElement\":[{\"@type\":\"ListItem\",\"position\":1,\"name\":\"Portada\",\"item\":\"https:\\\/\\\/flamencotour.com\\\/\"},{\"@type\":\"ListItem\",\"position\":2,\"name\":\"Shop\",\"item\":\"https:\\\/\\\/flamencotour.com\\\/shop\\\/\"},{\"@type\":\"ListItem\",\"position\":3,\"name\":\"Doradillo en 4\u00d74\"}]},{\"@type\":\"WebSite\",\"@id\":\"https:\\\/\\\/flamencotour.com\\\/en\\\/#website\",\"url\":\"https:\\\/\\\/flamencotour.com\\\/en\\\/\",\"name\":\"Flamenco Tour\",\"description\":\"Excursiones\",\"potentialAction\":[{\"@type\":\"SearchAction\",\"target\":{\"@type\":\"EntryPoint\",\"urlTemplate\":\"https:\\\/\\\/flamencotour.com\\\/en\\\/?s={search_term_string}\"},\"query-input\":{\"@type\":\"PropertyValueSpecification\",\"valueRequired\":true,\"valueName\":\"search_term_string\"}}],\"inLanguage\":\"pt-BR\"}]}<\/script>\n<!-- \/ Yoast SEO plugin. -->","yoast_head_json":{"title":"Doradillo en 4\u00d74 - Flamenco Tour","robots":{"index":"index","follow":"follow","max-snippet":"max-snippet:-1","max-image-preview":"max-image-preview:large","max-video-preview":"max-video-preview:-1"},"canonical":"https:\/\/flamencotour.com\/pt\/produto\/trekking-doradillo-en-4x4\/","og_locale":"pt_BR","og_type":"article","og_title":"Doradillo en 4\u00d74 - Flamenco Tour","og_description":"Conoce esta fant\u00e1stica experiencia en 4x4 Esta excursi\u00f3n opera desde Junio hasta mediados de Octubre","og_url":"https:\/\/flamencotour.com\/pt\/produto\/trekking-doradillo-en-4x4\/","og_site_name":"Flamenco Tour","article_modified_time":"2026-04-04T12:38:56+00:00","og_image":[{"width":1080,"height":1080,"url":"https:\/\/flamencotour.com\/wp-content\/uploads\/2021\/05\/doradillo-4x4-1.jpg","type":"image\/jpeg"}],"twitter_card":"summary_large_image","twitter_misc":{"Est. tempo de leitura":"2 minutos"},"schema":{"@context":"https:\/\/schema.org","@graph":[{"@type":"WebPage","@id":"https:\/\/flamencotour.com\/producto\/trekking-doradillo-en-4x4\/","url":"https:\/\/flamencotour.com\/producto\/trekking-doradillo-en-4x4\/","name":"Doradillo en 4\u00d74 - Flamenco Tour","isPartOf":{"@id":"https:\/\/flamencotour.com\/en\/#website"},"primaryImageOfPage":{"@id":"https:\/\/flamencotour.com\/producto\/trekking-doradillo-en-4x4\/#primaryimage"},"image":{"@id":"https:\/\/flamencotour.com\/producto\/trekking-doradillo-en-4x4\/#primaryimage"},"thumbnailUrl":"https:\/\/flamencotour.com\/wp-content\/uploads\/2021\/05\/doradillo-4x4-1.jpg","datePublished":"2021-05-19T11:44:15+00:00","dateModified":"2026-04-04T12:38:56+00:00","breadcrumb":{"@id":"https:\/\/flamencotour.com\/producto\/trekking-doradillo-en-4x4\/#breadcrumb"},"inLanguage":"pt-BR","potentialAction":[{"@type":"ReadAction","target":["https:\/\/flamencotour.com\/producto\/trekking-doradillo-en-4x4\/"]}]},{"@type":"ImageObject","inLanguage":"pt-BR","@id":"https:\/\/flamencotour.com\/producto\/trekking-doradillo-en-4x4\/#primaryimage","url":"https:\/\/flamencotour.com\/wp-content\/uploads\/2021\/05\/doradillo-4x4-1.jpg","contentUrl":"https:\/\/flamencotour.com\/wp-content\/uploads\/2021\/05\/doradillo-4x4-1.jpg","width":1080,"height":1080},{"@type":"BreadcrumbList","@id":"https:\/\/flamencotour.com\/producto\/trekking-doradillo-en-4x4\/#breadcrumb","itemListElement":[{"@type":"ListItem","position":1,"name":"Portada","item":"https:\/\/flamencotour.com\/"},{"@type":"ListItem","position":2,"name":"Shop","item":"https:\/\/flamencotour.com\/shop\/"},{"@type":"ListItem","position":3,"name":"Doradillo en 4\u00d74"}]},{"@type":"WebSite","@id":"https:\/\/flamencotour.com\/en\/#website","url":"https:\/\/flamencotour.com\/en\/","name":"Passeio Flamenco","description":"Excurs\u00f5es","potentialAction":[{"@type":"SearchAction","target":{"@type":"EntryPoint","urlTemplate":"https:\/\/flamencotour.com\/en\/?s={search_term_string}"},"query-input":{"@type":"PropertyValueSpecification","valueRequired":true,"valueName":"search_term_string"}}],"inLanguage":"pt-BR"}]}},"_links":{"self":[{"href":"https:\/\/flamencotour.com\/pt\/wp-json\/wp\/v2\/product\/437","targetHints":{"allow":["GET"]}}],"collection":[{"href":"https:\/\/flamencotour.com\/pt\/wp-json\/wp\/v2\/product"}],"about":[{"href":"https:\/\/flamencotour.com\/pt\/wp-json\/wp\/v2\/types\/product"}],"wp:featuredmedia":[{"embeddable":true,"href":"https:\/\/flamencotour.com\/pt\/wp-json\/wp\/v2\/media\/6943"}],"wp:attachment":[{"href":"https:\/\/flamencotour.com\/pt\/wp-json\/wp\/v2\/media?parent=437"}],"wp:term":[{"taxonomy":"product_brand","embeddable":true,"href":"https:\/\/flamencotour.com\/pt\/wp-json\/wp\/v2\/product_brand?post=437"},{"taxonomy":"product_cat","embeddable":true,"href":"https:\/\/flamencotour.com\/pt\/wp-json\/wp\/v2\/product_cat?post=437"},{"taxonomy":"product_tag","embeddable":true,"href":"https:\/\/flamencotour.com\/pt\/wp-json\/wp\/v2\/product_tag?post=437"}],"curies":[{"name":"wp","href":"https:\/\/api.w.org\/{rel}","templated":true}]}}