{"id":503,"date":"2021-05-21T08:55:59","date_gmt":"2021-05-21T11:55:59","guid":{"rendered":"http:\/\/1321dd813b.nxcli.io.php72-4.phx1-1.websitetestlink.com\/?page_id=503"},"modified":"2025-09-16T14:52:42","modified_gmt":"2025-09-16T17:52:42","slug":"boton-de-arrepentimiento","status":"publish","type":"page","link":"https:\/\/flamencotour.com\/pt\/boton-de-arrepentimiento\/","title":{"rendered":"Bot\u00e3o de arrependimento"},"content":{"rendered":"<div class=\"container section-title-container\" ><h1 class=\"section-title section-title-center\"><b aria-hidden=\"true\"><\/b><span class=\"section-title-main\" >Bot\u00e3o Arrepender-se<\/span><b aria-hidden=\"true\"><\/b><\/h1><\/div>\n<div class=\"row\"  id=\"row-402270412\">\n\n\t<div id=\"col-514305751\" class=\"col medium-6 small-12 large-6\"  data-animate=\"fadeInLeft\">\n\t\t\t\t<div class=\"col-inner text-left\"  >\n\t\t\t\n\t\t\t\n\n<div class=\"wpcf7 no-js\" id=\"wpcf7-f12441-o1\" lang=\"es-ES\" dir=\"ltr\" data-wpcf7-id=\"12441\">\n<div class=\"screen-reader-response\"><p role=\"status\" aria-live=\"polite\" aria-atomic=\"true\"><\/p> <ul><\/ul><\/div>\n<form action=\"\/pt\/wp-json\/wp\/v2\/pages\/503#wpcf7-f12441-o1\" method=\"post\" class=\"wpcf7-form init\" aria-label=\"Formulario de contacto\" novalidate=\"novalidate\" data-status=\"init\" data-trp-original-action=\"\/pt\/wp-json\/wp\/v2\/pages\/503#wpcf7-f12441-o1\">\n<fieldset class=\"hidden-fields-container\"><input type=\"hidden\" name=\"_wpcf7\" value=\"12441\" \/><input type=\"hidden\" name=\"_wpcf7_version\" value=\"6.1.6\" \/><input type=\"hidden\" name=\"_wpcf7_locale\" value=\"es_ES\" \/><input type=\"hidden\" name=\"_wpcf7_unit_tag\" value=\"wpcf7-f12441-o1\" \/><input type=\"hidden\" name=\"_wpcf7_container_post\" value=\"0\" \/><input type=\"hidden\" name=\"_wpcf7_posted_data_hash\" value=\"\" \/><input type=\"hidden\" name=\"_wpcf7_recaptcha_response\" value=\"\" \/>\n<\/fieldset>\n<div class=\"form-flat\">\n\t<p><label> Seu nome:<br \/>\n<span class=\"wpcf7-form-control-wrap\" data-name=\"your-name\"><input size=\"40\" maxlength=\"400\" class=\"wpcf7-form-control wpcf7-text wpcf7-validates-as-required\" autocomplete=\"first-name\" aria-required=\"true\" aria-invalid=\"false\" value=\"\" type=\"text\" name=\"your-name\" \/><\/span> <\/label>\n\t<\/p>\n\t<p><label> Seu sobrenome:<br \/>\n<span class=\"wpcf7-form-control-wrap\" data-name=\"your-lastname\"><input size=\"40\" maxlength=\"400\" class=\"wpcf7-form-control wpcf7-text wpcf7-validates-as-required\" autocomplete=\"last-name\" aria-required=\"true\" aria-invalid=\"false\" value=\"\" type=\"text\" name=\"your-lastname\" \/><\/span> <\/label>\n\t<\/p>\n\t<p><label> Seu e-mail:<br \/>\n<span class=\"wpcf7-form-control-wrap\" data-name=\"your-email\"><input size=\"40\" maxlength=\"400\" class=\"wpcf7-form-control wpcf7-email wpcf7-validates-as-required wpcf7-text wpcf7-validates-as-email\" autocomplete=\"email\" aria-required=\"true\" aria-invalid=\"false\" value=\"\" type=\"email\" name=\"your-email\" \/><\/span> <\/label>\n\t<\/p>\n\t<p><label> Seu telefone:<br \/>\n<span class=\"wpcf7-form-control-wrap\" data-name=\"your-phone\"><input size=\"40\" maxlength=\"400\" class=\"wpcf7-form-control wpcf7-text wpcf7-validates-as-required\" autocomplete=\"email\" aria-required=\"true\" aria-invalid=\"false\" value=\"\" type=\"text\" name=\"your-phone\" \/><\/span> <\/label>\n\t<\/p>\n\t<p><label> N\u00famero de reserva ou liquida\u00e7\u00e3o:<br \/>\n<span class=\"wpcf7-form-control-wrap\" data-name=\"your-reserva\"><input size=\"40\" maxlength=\"400\" class=\"wpcf7-form-control wpcf7-text wpcf7-validates-as-required\" aria-required=\"true\" aria-invalid=\"false\" value=\"\" type=\"text\" name=\"your-reserva\" \/><\/span> <\/label>\n\t<\/p>\n\t<p><label> Servi\u00e7os a serem cancelados:<br \/>\n<span class=\"wpcf7-form-control-wrap\" data-name=\"your-services\"><textarea cols=\"40\" rows=\"10\" maxlength=\"2000\" class=\"wpcf7-form-control wpcf7-textarea\" aria-invalid=\"false\" name=\"your-services\"><\/textarea><\/span> <\/label>\n\t<\/p>\n\t<p><input class=\"wpcf7-form-control wpcf7-submit has-spinner\" type=\"submit\" value=\"Enviar formul\u00e1rio\" \/>\n\t<\/p>\n<\/div><div class=\"wpcf7-response-output\" aria-hidden=\"true\"><\/div>\n<input type=\"hidden\" name=\"trp-form-language\" value=\"pt\"\/><\/form>\n<\/div>\n\n\t\t<\/div>\n\t\t\t\t\t<\/div>\n\n\t\n\n\t<div id=\"col-1144847372\" class=\"col medium-6 small-12 large-6\"  >\n\t\t\t\t<div class=\"col-inner\"  >\n\t\t\t\n\t\t\t\n\t<div class=\"img has-hover x md-x lg-x y md-y lg-y\" id=\"image_390614100\">\n\t\t\t\t\t\t<div data-animate=\"fadeInRight\">\t\t<div class=\"img-inner dark\" >\n\t\t\t<img loading=\"lazy\" decoding=\"async\" width=\"1000\" height=\"1000\" src=\"https:\/\/flamencotour.com\/wp-content\/uploads\/2021\/05\/@nikkazv-5-copia.jpg\" class=\"attachment-original size-original\" alt=\"\" srcset=\"https:\/\/flamencotour.com\/wp-content\/uploads\/2021\/05\/@nikkazv-5-copia.jpg 1000w, https:\/\/flamencotour.com\/wp-content\/uploads\/2021\/05\/@nikkazv-5-copia-100x100.jpg 100w, https:\/\/flamencotour.com\/wp-content\/uploads\/2021\/05\/@nikkazv-5-copia-400x400.jpg 400w, https:\/\/flamencotour.com\/wp-content\/uploads\/2021\/05\/@nikkazv-5-copia-800x800.jpg 800w, https:\/\/flamencotour.com\/wp-content\/uploads\/2021\/05\/@nikkazv-5-copia-280x280.jpg 280w, https:\/\/flamencotour.com\/wp-content\/uploads\/2021\/05\/@nikkazv-5-copia-768x768.jpg 768w, https:\/\/flamencotour.com\/wp-content\/uploads\/2021\/05\/@nikkazv-5-copia-300x300.jpg 300w, https:\/\/flamencotour.com\/wp-content\/uploads\/2021\/05\/@nikkazv-5-copia-600x600.jpg 600w\" sizes=\"auto, (max-width: 1000px) 100vw, 1000px\" \/>\t\t\t\t\t\t\n\t\t\t\t\t<\/div>\n\t\t<\/div>\t\t\t\t\t\t\n<style>\n#image_390614100 {\n  width: 100%;\n}\n<\/style>\n\t<\/div>\n\t\n\t\t<\/div>\n\t\t\t\t\t<\/div>\n\n\t\n<\/div>\n\t<div id=\"text-20282464\" class=\"text hidden\">\n\t\t\n<p>Condi\u00e7\u00f5es gerais.<\/p>\n<ul>\n<li>Voc\u00ea deve ser quem fez a compra.<\/li>\n<li>N\u00e3o se aplica em caso de falecimento, neste caso voc\u00ea pode solicitar a mudan\u00e7a de pessoas na reserva, mas n\u00e3o se aplica a reembolsos.<\/li>\n<li>O reembolso por cancelamento ser\u00e1 pelo mesmo meio que voc\u00ea efetuou a compra.<\/li>\n<li>Lembre-se que se tiverem decorrido 10 dias corridos desde a compra, o seu cancelamento poder\u00e1 envolver custos de reserva e\/ou gest\u00e3o.<\/li>\n<li>Se a reserva do servi\u00e7o for feita at\u00e9 48 horas antes da contrata\u00e7\u00e3o do servi\u00e7o, n\u00e3o haver\u00e1 reembolso.<\/li>\n<li>Mudan\u00e7as de data: Voc\u00ea pode fazer altera\u00e7\u00f5es de data quantas vezes quiser, desde que n\u00e3o seja 48 horas antes da contrata\u00e7\u00e3o do servi\u00e7o. Caso a tarifa seja modificada de acordo com a temporada em que voc\u00ea viaja, voc\u00ea ter\u00e1 que pagar a diferen\u00e7a de temporada e. \/ou servi\u00e7o.<\/li>\n<li>excurs\u00f5es de passageiros de cruzeiro: *0% de despesas at\u00e9 10 dias corridos ap\u00f3s a compra, *10% de despesas de reserva e\/ou gest\u00e3o, ap\u00f3s 10 dias corridos da data da compra at\u00e9 72 horas antes da data do servi\u00e7o Ap\u00f3s 72 horas antes do data do servi\u00e7o, n\u00e3o h\u00e1 reembolso. *Caso por motivos clim\u00e1ticos o barco n\u00e3o possa atracar na cidade de Puerto Madryn, o reembolso ser\u00e1 de 100%.<\/li>\n<li>\n<p>em caso de doen\u00e7a:<\/p>\n<p>\u00a0 \u00a0 \u00a0 \u00a0 -Voc\u00ea s\u00f3 ter\u00e1 reembolso se o aviso for feito com 48 horas de anteced\u00eancia da data agendada e com atestado m\u00e9dico.\u00a0<\/p>\n<p>\u00a0 \u00a0 \u00a0 \u00a0 -No prazo de 24 horas antes da data marcada, voc\u00ea s\u00f3 poder\u00e1 alterar a data, caso n\u00e3o possa realizar a excurs\u00e3o e\/ou a viagem, ter\u00e1 apenas 50% para reembolsar o total pago.<\/p>\n<p>\u00a0 \u00a0 \u00a0 \u00a0 -Durante 2 horas antes da excurs\u00e3o ou viagem, n\u00e3o haver\u00e1 reembolso, independentemente do caso de cancelamento e ser\u00e1 considerado no show e voc\u00ea perder\u00e1 todo o direito de reclama\u00e7\u00e3o e\/ou reembolso.<\/p>\n<p>\u00a0 \u00a0 \u00a0 \u00a0 -O tour de flamenco pode ver o caso espec\u00edfico e considerar uma ap\u00f3lice se necess\u00e1rio, sem qualquer obriga\u00e7\u00e3o de faz\u00ea-lo.<\/p>\n<\/li>\n<\/ul>\n<p>\u00c2MBITO DO DIREITO DE REVOGA\u00c7\u00c3O DE COMPRA: -C\u00d3DIGO NACIONAL CIVIL E COMERCIAL LEI 24.240 RESOLU\u00c7\u00c3O 424\/2020 -LEI DE DEFESA DO CONSUMIDOR ART. 34 LEI 24.240, 1993 (5 DIAS) LEI 26.361, 2008 (10 DIAS) DIREITO DE REVOGAR A ACEITA\u00c7\u00c3O DA COMPRA - C\u00d3DIGO CIVIL E COMERCIAL NACIONAL, CONTRATO DE CONSUMIDOR DE 2015 (NOVO NO NOVO C\u00d3DIGO)<\/p>\n<ul>\n<li>COMPRAS \u00c0 DIST\u00c2NCIA OU FORA DO ESTABELECIMENTO, COMO MODALIDADE ESPECIAL DE CONTRATA\u00c7\u00c3O<\/li>\n<li>USO DE M\u00cdDIA ELETR\u00d4NICA E TIC<\/li>\n<li>DERIVA\u00c7\u00c3O DO DEVER DE INFORMA\u00c7\u00c3O COM CARACTER\u00cdSTICAS SALIENTES. \u2022LIVRE DIREITO DOS CONSUMIDORES<\/li>\n<li>ARTIGOS 1110 A 1116 CCC<\/li>\n<\/ul>\n<p>Este \u00e9 um direito IRRENEG\u00c1VEL do consumidor. Per\u00edodo de arrependimento: 10 dias corridos a partir da compra ou at\u00e9 48 horas antes da contrata\u00e7\u00e3o do servi\u00e7o, o que ocorrer primeiro. Aplica-se a todos os servi\u00e7os tur\u00edsticos comercializados atrav\u00e9s do site ou app da ag\u00eancia. Tamb\u00e9m vendas por e-mail, telefone e WhatsApp. O passageiro poder\u00e1 exercer o seu direito pelo mesmo meio atrav\u00e9s do qual adquiriu o servi\u00e7o. O direito de revoga\u00e7\u00e3o no prazo de 10 dias corridos ap\u00f3s a aquisi\u00e7\u00e3o dos servi\u00e7os n\u00e3o implica qualquer despesa. Ap\u00f3s 10 dias da compra e at\u00e9 48 horas antes da data dos servi\u00e7os adquiridos, h\u00e1 taxas de cancelamento, dependendo do produto ou servi\u00e7o.<\/p>\n\t\t\n<style>\n#text-20282464 {\n  font-size: 0.75rem;\n  color: rgb(188, 188, 188);\n}\n#text-20282464 > * {\n  color: rgb(188, 188, 188);\n}\n@media (min-width:550px) {\n  #text-20282464 {\n    font-size: 0.75rem;\n  }\n}\n<\/style>\n\t<\/div>\n\t\n<div class=\"row\"  id=\"row-6440191\">\n\n\t<div id=\"col-777373019\" class=\"col small-12 large-12\"  >\n\t\t\t\t<div class=\"col-inner\"  >\n\t\t\t\n\t\t\t\n\t<div class=\"box has-hover  show-for-medium has-hover box-text-bottom\" >\n\n\t\t<div class=\"box-image\" style=\"width:21%;\">\n\t\t\t<a href=\"http:\/\/flamencotour.com\/wp-content\/uploads\/2023\/04\/Condiciones-generales-incluye-pre-viaje.pdf\" >\t\t\t<div class=\"\" >\n\t\t\t\t<img decoding=\"async\" src=\"https:\/\/flamencotour.com\/wp-content\/uploads\/2023\/02\/pdf-file.svg\" class=\"attachment- size-\" alt=\"\" \/>\t\t\t\t\t\t\t\t\t\t\t<\/div>\n\t\t\t<\/a>\t\t<\/div>\n\n\t\t<div class=\"box-text text-center\" >\n\t\t\t<div class=\"box-text-inner\">\n\t\t\t\t\n<p>Condi\u00e7\u00f5es Gerais<\/p>\n\t\t\t<\/div>\n\t\t<\/div>\n\t<\/div>\n\t\n\t<div class=\"box has-hover  hide-for-small has-hover box-text-bottom\" >\n\n\t\t<div class=\"box-image\" style=\"width:7%;\">\n\t\t\t<a href=\"http:\/\/flamencotour.com\/wp-content\/uploads\/2023\/04\/Condiciones-generales-incluye-pre-viaje.pdf\" >\t\t\t<div class=\"\" >\n\t\t\t\t<img decoding=\"async\" src=\"https:\/\/flamencotour.com\/wp-content\/uploads\/2023\/02\/pdf-file.svg\" class=\"attachment- size-\" alt=\"\" \/>\t\t\t\t\t\t\t\t\t\t\t<\/div>\n\t\t\t<\/a>\t\t<\/div>\n\n\t\t<div class=\"box-text text-center\" >\n\t\t\t<div class=\"box-text-inner\">\n\t\t\t\t\n<p>Condi\u00e7\u00f5es Gerais<\/p>\n\t\t\t<\/div>\n\t\t<\/div>\n\t<\/div>\n\t\n\t\t<\/div>\n\t\t\t\t\t<\/div>\n\n\t\n<\/div>","protected":false},"excerpt":{"rendered":"","protected":false},"author":1,"featured_media":0,"parent":0,"menu_order":0,"comment_status":"closed","ping_status":"closed","template":"","meta":{"footnotes":""},"class_list":["post-503","page","type-page","status-publish","hentry"],"yoast_head":"<!-- This site is optimized with the Yoast SEO plugin v27.6 - https:\/\/yoast.com\/product\/yoast-seo-wordpress\/ -->\n<title>Bot\u00f3n De Arrepentimiento - Flamenco Tour<\/title>\n<meta name=\"robots\" content=\"index, follow, max-snippet:-1, max-image-preview:large, max-video-preview:-1\" \/>\n<link rel=\"canonical\" href=\"https:\/\/flamencotour.com\/pt\/boton-de-arrepentimiento\/\" \/>\n<meta property=\"og:locale\" content=\"pt_BR\" \/>\n<meta property=\"og:type\" content=\"article\" \/>\n<meta property=\"og:title\" content=\"Bot\u00f3n De Arrepentimiento - Flamenco Tour\" \/>\n<meta property=\"og:url\" content=\"https:\/\/flamencotour.com\/pt\/boton-de-arrepentimiento\/\" \/>\n<meta property=\"og:site_name\" content=\"Flamenco Tour\" \/>\n<meta property=\"article:modified_time\" content=\"2025-09-16T17:52:42+00:00\" \/>\n<meta name=\"twitter:card\" content=\"summary_large_image\" \/>\n<meta name=\"twitter:label1\" content=\"Est. tempo de leitura\" \/>\n\t<meta name=\"twitter:data1\" content=\"3 minutos\" \/>\n<script type=\"application\/ld+json\" class=\"yoast-schema-graph\">{\"@context\":\"https:\\\/\\\/schema.org\",\"@graph\":[{\"@type\":\"WebPage\",\"@id\":\"https:\\\/\\\/flamencotour.com\\\/boton-de-arrepentimiento\\\/\",\"url\":\"https:\\\/\\\/flamencotour.com\\\/boton-de-arrepentimiento\\\/\",\"name\":\"Bot\u00f3n De Arrepentimiento - Flamenco Tour\",\"isPartOf\":{\"@id\":\"https:\\\/\\\/flamencotour.com\\\/en\\\/#website\"},\"datePublished\":\"2021-05-21T11:55:59+00:00\",\"dateModified\":\"2025-09-16T17:52:42+00:00\",\"breadcrumb\":{\"@id\":\"https:\\\/\\\/flamencotour.com\\\/boton-de-arrepentimiento\\\/#breadcrumb\"},\"inLanguage\":\"pt-BR\",\"potentialAction\":[{\"@type\":\"ReadAction\",\"target\":[\"https:\\\/\\\/flamencotour.com\\\/boton-de-arrepentimiento\\\/\"]}]},{\"@type\":\"BreadcrumbList\",\"@id\":\"https:\\\/\\\/flamencotour.com\\\/boton-de-arrepentimiento\\\/#breadcrumb\",\"itemListElement\":[{\"@type\":\"ListItem\",\"position\":1,\"name\":\"Portada\",\"item\":\"https:\\\/\\\/flamencotour.com\\\/\"},{\"@type\":\"ListItem\",\"position\":2,\"name\":\"Bot\u00f3n De Arrepentimiento\"}]},{\"@type\":\"WebSite\",\"@id\":\"https:\\\/\\\/flamencotour.com\\\/en\\\/#website\",\"url\":\"https:\\\/\\\/flamencotour.com\\\/en\\\/\",\"name\":\"Flamenco Tour\",\"description\":\"Excursiones\",\"potentialAction\":[{\"@type\":\"SearchAction\",\"target\":{\"@type\":\"EntryPoint\",\"urlTemplate\":\"https:\\\/\\\/flamencotour.com\\\/en\\\/?s={search_term_string}\"},\"query-input\":{\"@type\":\"PropertyValueSpecification\",\"valueRequired\":true,\"valueName\":\"search_term_string\"}}],\"inLanguage\":\"pt-BR\"}]}<\/script>\n<!-- \/ Yoast SEO plugin. -->","yoast_head_json":{"title":"Bot\u00f3n De Arrepentimiento - Flamenco Tour","robots":{"index":"index","follow":"follow","max-snippet":"max-snippet:-1","max-image-preview":"max-image-preview:large","max-video-preview":"max-video-preview:-1"},"canonical":"https:\/\/flamencotour.com\/pt\/boton-de-arrepentimiento\/","og_locale":"pt_BR","og_type":"article","og_title":"Bot\u00f3n De Arrepentimiento - Flamenco Tour","og_url":"https:\/\/flamencotour.com\/pt\/boton-de-arrepentimiento\/","og_site_name":"Flamenco Tour","article_modified_time":"2025-09-16T17:52:42+00:00","twitter_card":"summary_large_image","twitter_misc":{"Est. tempo de leitura":"3 minutos"},"schema":{"@context":"https:\/\/schema.org","@graph":[{"@type":"WebPage","@id":"https:\/\/flamencotour.com\/boton-de-arrepentimiento\/","url":"https:\/\/flamencotour.com\/boton-de-arrepentimiento\/","name":"Bot\u00f3n De Arrepentimiento - Flamenco Tour","isPartOf":{"@id":"https:\/\/flamencotour.com\/en\/#website"},"datePublished":"2021-05-21T11:55:59+00:00","dateModified":"2025-09-16T17:52:42+00:00","breadcrumb":{"@id":"https:\/\/flamencotour.com\/boton-de-arrepentimiento\/#breadcrumb"},"inLanguage":"pt-BR","potentialAction":[{"@type":"ReadAction","target":["https:\/\/flamencotour.com\/boton-de-arrepentimiento\/"]}]},{"@type":"BreadcrumbList","@id":"https:\/\/flamencotour.com\/boton-de-arrepentimiento\/#breadcrumb","itemListElement":[{"@type":"ListItem","position":1,"name":"Portada","item":"https:\/\/flamencotour.com\/"},{"@type":"ListItem","position":2,"name":"Bot\u00f3n De Arrepentimiento"}]},{"@type":"WebSite","@id":"https:\/\/flamencotour.com\/en\/#website","url":"https:\/\/flamencotour.com\/en\/","name":"Passeio Flamenco","description":"Excurs\u00f5es","potentialAction":[{"@type":"SearchAction","target":{"@type":"EntryPoint","urlTemplate":"https:\/\/flamencotour.com\/en\/?s={search_term_string}"},"query-input":{"@type":"PropertyValueSpecification","valueRequired":true,"valueName":"search_term_string"}}],"inLanguage":"pt-BR"}]}},"_links":{"self":[{"href":"https:\/\/flamencotour.com\/pt\/wp-json\/wp\/v2\/pages\/503","targetHints":{"allow":["GET"]}}],"collection":[{"href":"https:\/\/flamencotour.com\/pt\/wp-json\/wp\/v2\/pages"}],"about":[{"href":"https:\/\/flamencotour.com\/pt\/wp-json\/wp\/v2\/types\/page"}],"author":[{"embeddable":true,"href":"https:\/\/flamencotour.com\/pt\/wp-json\/wp\/v2\/users\/1"}],"replies":[{"embeddable":true,"href":"https:\/\/flamencotour.com\/pt\/wp-json\/wp\/v2\/comments?post=503"}],"version-history":[{"count":5,"href":"https:\/\/flamencotour.com\/pt\/wp-json\/wp\/v2\/pages\/503\/revisions"}],"predecessor-version":[{"id":12442,"href":"https:\/\/flamencotour.com\/pt\/wp-json\/wp\/v2\/pages\/503\/revisions\/12442"}],"wp:attachment":[{"href":"https:\/\/flamencotour.com\/pt\/wp-json\/wp\/v2\/media?parent=503"}],"curies":[{"name":"wp","href":"https:\/\/api.w.org\/{rel}","templated":true}]}}