{"id":437,"date":"2021-05-19T08:44:15","date_gmt":"2021-05-19T11:44:15","guid":{"rendered":"http:\/\/1321dd813b.nxcli.io.php72-4.phx1-1.websitetestlink.com\/?post_type=product&#038;p=437"},"modified":"2026-04-04T09:38:56","modified_gmt":"2026-04-04T12:38:56","slug":"trekking-doradillo-en-4x4","status":"publish","type":"product","link":"https:\/\/flamencotour.com\/en\/product\/trekking-doradillo-en-4x4\/","title":{"rendered":"Doradillo in 4\u00d74"},"content":{"rendered":"<p>The El Doradillo Protected Area is visited every season by groups of mother whales with calves, due to the calmness of its waters and the unusual depth of the coast (due to its high slope), which causes the whales to get very close to the coast. beach. The latter makes coastal watching possible, with a high probability of observing these wonderful mammals just 20 or 30 meters from the coast.<br \/>\nCoastal watching is an ideal complement for those people who observed whales on board, as well as an option for people who cannot carry out whale watching by boat.<br \/>\nUsing our 4 x 4 vehicles, we will be able to enter and travel through different terrains to contemplate and enjoy the geography, fauna and flora of this area, entering different beaches.<\/p>\n<p><strong>Itinerary<\/strong><br \/>\n-Our 4\u00d74 truck will pick up the adventurers from their respective accommodations and thus we will begin this excursion.<br \/>\n-We will begin the tour crossing the northern and industrial area of Puerto Madryn, a small city tour, heading just 15 km towards the entrance to the El Doradillo Protected Natural Area and stopping at the Punta Flecha viewpoint, stopping at the Mountainbike area, panoramic point &quot; \u201cPunta Ameghino\u201d.<br \/>\n-We will enter the coast to do a medium difficulty 4\u00d74 route, where the interpretation is followed by periods of great adrenaline.<br \/>\n-Then we arrived at Las Canteras beach, a unique place in the world to observe whales so closely.<br \/>\n-Right there, we will take some time to take a short walk and live a unique and special experience, being able to observe these beautiful mothers and their babies, so close to the coast.<br \/>\n-Finally, after enjoying the snack, we will return to the accommodation.<\/p>\n<p><strong><em>\u00a0 \u00a0 \u00a0 \u00a0 \u00a0 \u00a0 \u00a0 \u00a0 \u00a0 \u00a0 \u00a0 \u00a0 \u00a0 \u00a0 \u00a0 \u00a0 \u00a0 \u00a0The times and order of the places to visit may vary, depending on the season, the weather and the interests of the group.<\/em><\/strong><\/p>\n<p><strong>Season<\/strong>: all year<br \/>\n<strong>Departures<\/strong>: daily<br \/>\n<strong>Duration<\/strong>: approximately 3 hours<br \/>\n<strong>departure times<\/strong>: according to tide table. The tide schedule varies from day to day<br \/>\n<strong>Minimum of passengers<\/strong>: 2 people<br \/>\n<strong>SUBJECT TO WEATHER CONDITIONS<\/strong><\/p>\n<p><strong>It includes<br \/>\n<\/strong>\u2022Guides: Spanish\/English (Consult for other languages)<strong><br \/>\n<\/strong>\u2022Pick Up \u2013 Passengers are searched where they are staying in special all-terrain vehicles<strong><br \/>\n<\/strong>\u2022Refreshment<\/p>\n<p><strong>Observations<\/strong><br \/>\n<strong>\u2022NOT VALID FOR CRUISE SHIPS. Consult corresponding excursions<\/strong><\/p>\n<p><strong>Suggested Equipment<br \/>\n<\/strong>\u2022Comfortable footwear, warm clothing, photography equipment, sunscreen and a hat.<\/p>","protected":false},"excerpt":{"rendered":"<p style=\"text-align: center\"><strong>Get to know this fantastic 4\u00d74 experience<br \/>\nThis excursion operates from June to mid-October<\/strong><\/p>","protected":false},"featured_media":6943,"template":"","meta":[],"product_brand":[],"product_cat":[75],"product_tag":[],"class_list":{"0":"post-437","1":"product","2":"type-product","3":"status-publish","4":"has-post-thumbnail","6":"product_cat-aventura","8":"first","9":"instock","10":"virtual","11":"sold-individually","12":"taxable","13":"purchasable","14":"product-type-booking"},"yoast_head":"<!-- This site is optimized with the Yoast SEO plugin v27.6 - https:\/\/yoast.com\/product\/yoast-seo-wordpress\/ -->\n<title>Doradillo en 4\u00d74 - Flamenco Tour<\/title>\n<meta name=\"robots\" content=\"index, follow, max-snippet:-1, max-image-preview:large, max-video-preview:-1\" \/>\n<link rel=\"canonical\" href=\"https:\/\/flamencotour.com\/en\/product\/trekking-doradillo-en-4x4\/\" \/>\n<meta property=\"og:locale\" content=\"en_US\" \/>\n<meta property=\"og:type\" content=\"article\" \/>\n<meta property=\"og:title\" content=\"Doradillo en 4\u00d74 - Flamenco Tour\" \/>\n<meta property=\"og:description\" content=\"Conoce esta fant\u00e1stica experiencia en 4x4 Esta excursi\u00f3n opera desde Junio hasta mediados de Octubre\" \/>\n<meta property=\"og:url\" content=\"https:\/\/flamencotour.com\/en\/product\/trekking-doradillo-en-4x4\/\" \/>\n<meta property=\"og:site_name\" content=\"Flamenco Tour\" \/>\n<meta property=\"article:modified_time\" content=\"2026-04-04T12:38:56+00:00\" \/>\n<meta property=\"og:image\" content=\"https:\/\/flamencotour.com\/wp-content\/uploads\/2021\/05\/doradillo-4x4-1.jpg\" \/>\n\t<meta property=\"og:image:width\" content=\"1080\" \/>\n\t<meta property=\"og:image:height\" content=\"1080\" \/>\n\t<meta property=\"og:image:type\" content=\"image\/jpeg\" \/>\n<meta name=\"twitter:card\" content=\"summary_large_image\" \/>\n<meta name=\"twitter:label1\" content=\"Est. reading time\" \/>\n\t<meta name=\"twitter:data1\" content=\"2 minutes\" \/>\n<script type=\"application\/ld+json\" class=\"yoast-schema-graph\">{\"@context\":\"https:\\\/\\\/schema.org\",\"@graph\":[{\"@type\":\"WebPage\",\"@id\":\"https:\\\/\\\/flamencotour.com\\\/producto\\\/trekking-doradillo-en-4x4\\\/\",\"url\":\"https:\\\/\\\/flamencotour.com\\\/producto\\\/trekking-doradillo-en-4x4\\\/\",\"name\":\"Doradillo en 4\u00d74 - Flamenco Tour\",\"isPartOf\":{\"@id\":\"https:\\\/\\\/flamencotour.com\\\/en\\\/#website\"},\"primaryImageOfPage\":{\"@id\":\"https:\\\/\\\/flamencotour.com\\\/producto\\\/trekking-doradillo-en-4x4\\\/#primaryimage\"},\"image\":{\"@id\":\"https:\\\/\\\/flamencotour.com\\\/producto\\\/trekking-doradillo-en-4x4\\\/#primaryimage\"},\"thumbnailUrl\":\"https:\\\/\\\/flamencotour.com\\\/wp-content\\\/uploads\\\/2021\\\/05\\\/doradillo-4x4-1.jpg\",\"datePublished\":\"2021-05-19T11:44:15+00:00\",\"dateModified\":\"2026-04-04T12:38:56+00:00\",\"breadcrumb\":{\"@id\":\"https:\\\/\\\/flamencotour.com\\\/producto\\\/trekking-doradillo-en-4x4\\\/#breadcrumb\"},\"inLanguage\":\"en-US\",\"potentialAction\":[{\"@type\":\"ReadAction\",\"target\":[\"https:\\\/\\\/flamencotour.com\\\/producto\\\/trekking-doradillo-en-4x4\\\/\"]}]},{\"@type\":\"ImageObject\",\"inLanguage\":\"en-US\",\"@id\":\"https:\\\/\\\/flamencotour.com\\\/producto\\\/trekking-doradillo-en-4x4\\\/#primaryimage\",\"url\":\"https:\\\/\\\/flamencotour.com\\\/wp-content\\\/uploads\\\/2021\\\/05\\\/doradillo-4x4-1.jpg\",\"contentUrl\":\"https:\\\/\\\/flamencotour.com\\\/wp-content\\\/uploads\\\/2021\\\/05\\\/doradillo-4x4-1.jpg\",\"width\":1080,\"height\":1080},{\"@type\":\"BreadcrumbList\",\"@id\":\"https:\\\/\\\/flamencotour.com\\\/producto\\\/trekking-doradillo-en-4x4\\\/#breadcrumb\",\"itemListElement\":[{\"@type\":\"ListItem\",\"position\":1,\"name\":\"Portada\",\"item\":\"https:\\\/\\\/flamencotour.com\\\/\"},{\"@type\":\"ListItem\",\"position\":2,\"name\":\"Shop\",\"item\":\"https:\\\/\\\/flamencotour.com\\\/shop\\\/\"},{\"@type\":\"ListItem\",\"position\":3,\"name\":\"Doradillo en 4\u00d74\"}]},{\"@type\":\"WebSite\",\"@id\":\"https:\\\/\\\/flamencotour.com\\\/en\\\/#website\",\"url\":\"https:\\\/\\\/flamencotour.com\\\/en\\\/\",\"name\":\"Flamenco Tour\",\"description\":\"Excursiones\",\"potentialAction\":[{\"@type\":\"SearchAction\",\"target\":{\"@type\":\"EntryPoint\",\"urlTemplate\":\"https:\\\/\\\/flamencotour.com\\\/en\\\/?s={search_term_string}\"},\"query-input\":{\"@type\":\"PropertyValueSpecification\",\"valueRequired\":true,\"valueName\":\"search_term_string\"}}],\"inLanguage\":\"en-US\"}]}<\/script>\n<!-- \/ Yoast SEO plugin. -->","yoast_head_json":{"title":"Doradillo en 4\u00d74 - Flamenco Tour","robots":{"index":"index","follow":"follow","max-snippet":"max-snippet:-1","max-image-preview":"max-image-preview:large","max-video-preview":"max-video-preview:-1"},"canonical":"https:\/\/flamencotour.com\/en\/product\/trekking-doradillo-en-4x4\/","og_locale":"en_US","og_type":"article","og_title":"Doradillo en 4\u00d74 - Flamenco Tour","og_description":"Conoce esta fant\u00e1stica experiencia en 4x4 Esta excursi\u00f3n opera desde Junio hasta mediados de Octubre","og_url":"https:\/\/flamencotour.com\/en\/product\/trekking-doradillo-en-4x4\/","og_site_name":"Flamenco Tour","article_modified_time":"2026-04-04T12:38:56+00:00","og_image":[{"width":1080,"height":1080,"url":"https:\/\/flamencotour.com\/wp-content\/uploads\/2021\/05\/doradillo-4x4-1.jpg","type":"image\/jpeg"}],"twitter_card":"summary_large_image","twitter_misc":{"Est. reading time":"2 minutes"},"schema":{"@context":"https:\/\/schema.org","@graph":[{"@type":"WebPage","@id":"https:\/\/flamencotour.com\/producto\/trekking-doradillo-en-4x4\/","url":"https:\/\/flamencotour.com\/producto\/trekking-doradillo-en-4x4\/","name":"Doradillo en 4\u00d74 - Flamenco Tour","isPartOf":{"@id":"https:\/\/flamencotour.com\/en\/#website"},"primaryImageOfPage":{"@id":"https:\/\/flamencotour.com\/producto\/trekking-doradillo-en-4x4\/#primaryimage"},"image":{"@id":"https:\/\/flamencotour.com\/producto\/trekking-doradillo-en-4x4\/#primaryimage"},"thumbnailUrl":"https:\/\/flamencotour.com\/wp-content\/uploads\/2021\/05\/doradillo-4x4-1.jpg","datePublished":"2021-05-19T11:44:15+00:00","dateModified":"2026-04-04T12:38:56+00:00","breadcrumb":{"@id":"https:\/\/flamencotour.com\/producto\/trekking-doradillo-en-4x4\/#breadcrumb"},"inLanguage":"en-US","potentialAction":[{"@type":"ReadAction","target":["https:\/\/flamencotour.com\/producto\/trekking-doradillo-en-4x4\/"]}]},{"@type":"ImageObject","inLanguage":"en-US","@id":"https:\/\/flamencotour.com\/producto\/trekking-doradillo-en-4x4\/#primaryimage","url":"https:\/\/flamencotour.com\/wp-content\/uploads\/2021\/05\/doradillo-4x4-1.jpg","contentUrl":"https:\/\/flamencotour.com\/wp-content\/uploads\/2021\/05\/doradillo-4x4-1.jpg","width":1080,"height":1080},{"@type":"BreadcrumbList","@id":"https:\/\/flamencotour.com\/producto\/trekking-doradillo-en-4x4\/#breadcrumb","itemListElement":[{"@type":"ListItem","position":1,"name":"Portada","item":"https:\/\/flamencotour.com\/"},{"@type":"ListItem","position":2,"name":"Shop","item":"https:\/\/flamencotour.com\/shop\/"},{"@type":"ListItem","position":3,"name":"Doradillo en 4\u00d74"}]},{"@type":"WebSite","@id":"https:\/\/flamencotour.com\/en\/#website","url":"https:\/\/flamencotour.com\/en\/","name":"Flamenco Tours","description":"excursions","potentialAction":[{"@type":"SearchAction","target":{"@type":"EntryPoint","urlTemplate":"https:\/\/flamencotour.com\/en\/?s={search_term_string}"},"query-input":{"@type":"PropertyValueSpecification","valueRequired":true,"valueName":"search_term_string"}}],"inLanguage":"en-US"}]}},"_links":{"self":[{"href":"https:\/\/flamencotour.com\/en\/wp-json\/wp\/v2\/product\/437","targetHints":{"allow":["GET"]}}],"collection":[{"href":"https:\/\/flamencotour.com\/en\/wp-json\/wp\/v2\/product"}],"about":[{"href":"https:\/\/flamencotour.com\/en\/wp-json\/wp\/v2\/types\/product"}],"wp:featuredmedia":[{"embeddable":true,"href":"https:\/\/flamencotour.com\/en\/wp-json\/wp\/v2\/media\/6943"}],"wp:attachment":[{"href":"https:\/\/flamencotour.com\/en\/wp-json\/wp\/v2\/media?parent=437"}],"wp:term":[{"taxonomy":"product_brand","embeddable":true,"href":"https:\/\/flamencotour.com\/en\/wp-json\/wp\/v2\/product_brand?post=437"},{"taxonomy":"product_cat","embeddable":true,"href":"https:\/\/flamencotour.com\/en\/wp-json\/wp\/v2\/product_cat?post=437"},{"taxonomy":"product_tag","embeddable":true,"href":"https:\/\/flamencotour.com\/en\/wp-json\/wp\/v2\/product_tag?post=437"}],"curies":[{"name":"wp","href":"https:\/\/api.w.org\/{rel}","templated":true}]}}